{"id":2473,"date":"2024-04-17T07:05:38","date_gmt":"2024-04-17T07:05:38","guid":{"rendered":"https:\/\/kazino-latvija-online.com\/?page_id=2473"},"modified":"2026-01-07T12:07:13","modified_gmt":"2026-01-07T12:07:13","slug":"stake-casino","status":"publish","type":"page","link":"https:\/\/kazino-latvija-online.com\/lv\/stake-casino\/","title":{"rendered":"Stake Casino LV"},"content":{"rendered":"<h1>Stake Kazino P\u0101rskats 2026<\/h1>\n<div class=\"review-block\">\n<div class=\"logo-section\">\n<div class=\"logo-wrapper\"><img decoding=\"async\" src=\"\/wp-content\/uploads\/2024\/04\/Stake-logo-1.png\" alt=\"Stake recenzija\"><\/div>\n<\/p><\/div>\n<div class=\"review-details\">\n<div class=\"bonus-icon\">\n<svg width=\"30px\" height=\"30px\" style=\"margin-right:5px;\" viewBox=\"0 0 24.00 24.00\" fill=\"none\" xmlns=\"http:\/\/www.w3.org\/2000\/svg\" stroke=\"#de3f3f\" stroke-width=\"0.8399999999999999\">\n<g id=\"SVGRepo_bgCarrier\" stroke-width=\"0\"><\/g>\n<g id=\"SVGRepo_tracerCarrier\" stroke-linecap=\"round\" stroke-linejoin=\"round\"><\/g>\n<g id=\"SVGRepo_iconCarrier\"> \n<path d=\"M19.5 7.75H18.1C18.5 7.27 18.75 6.67 18.75 6C18.75 4.48 17.52 3.25 16 3.25C14.32 3.25 12.84 4.14 12 5.46C11.16 4.14 9.68 3.25 8 3.25C6.48 3.25 5.25 4.48 5.25 6C5.25 6.67 5.5 7.27 5.9 7.75H4.5C3.81 7.75 3.25 8.31 3.25 9V11.5C3.25 12.1 3.68 12.58 4.25 12.7V19.5C4.25 20.19 4.81 20.75 5.5 20.75H18.5C19.19 20.75 19.75 20.19 19.75 19.5V12.7C20.32 12.58 20.75 12.1 20.75 11.5V9C20.75 8.31 20.19 7.75 19.5 7.75ZM19.25 11.25H12.75V9.25H19.25V11.25ZM16 4.75C16.69 4.75 17.25 5.31 17.25 6C17.25 6.69 16.69 7.25 16 7.25H12.84C13.18 5.82 14.47 4.75 16 4.75ZM8 4.75C9.53 4.75 10.82 5.82 11.16 7.25H8C7.31 7.25 6.75 6.69 6.75 6C6.75 5.31 7.31 4.75 8 4.75ZM4.75 9.25H11.25V11.25H4.75V9.25ZM5.75 12.75H11.25V19.25H5.75V12.75ZM18.25 19.25H12.75V12.75H18.25V19.25Z\" fill=\"#ffffff\"><\/path>\n<\/g>\n<\/svg><\/p>\n<p>Laipni l\u016bdzam bonuss 375% l\u012bdz depoz\u012btam + 100 FS<\/p>\n<\/div>\n<ul class=\"payment-methods\">\n<li><span class=\"check\"><\/span> Google Pay<\/li>\n<li><span class=\"check\"><\/span> MasterCard<\/li>\n<li><span class=\"check\"><\/span> Bitcoin<\/li>\n<li><span class=\"check\"><\/span> Ethereum<\/li>\n<li><span class=\"check\"><\/span> Tether<\/li>\n<li><span class=\"check\"><\/span> Apple Pay<\/li>\n<\/ul>\n<div class=\"buttons\">\n<a href=\"#\" rel=\"nofollow\" class=\"play-now-button\">Sp\u0113l\u0113 tagad<\/a><br \/>\n<a href=\"#\" rel=\"nofollow\" class=\"get-bonus-button\">Sa\u0146em bonusu<\/a>\n<\/div>\n<\/p><\/div>\n<\/div>\n<div class=\"content-wrap\">\n<h2>Stake Casino P\u0101rskats<\/h2>\n<p>Mekl\u0113jat tie\u0161saistes kazino ar milz\u012bgu lab\u0101ko sp\u0113\u013cu pied\u0101v\u0101jumu un \u0101tru laimestu izmaksu? Stake Casino var b\u016bt ide\u0101la izv\u0113le jums! Stake kazino lietot\u0101ja pieredze izce\u013cas ar kvalit\u0101ti un inov\u0101cij\u0101m. \u0160aj\u0101 p\u0101rskat\u0101 m\u0113s apl\u016bkosim svar\u012bg\u0101kos \u0161\u012b kazino aspektus, tostarp sp\u0113\u013cu pied\u0101v\u0101jumu, akcijas un bonusus, maks\u0101jumu metodes un klientu atbalstu.\n<\/p><\/div>\n<div class=\"slpc\">\n<script type=\"text\/javascript\">\r\ndocument.addEventListener(\"DOMContentLoaded\", function(event) { \r\n\tjQuery( '#slider-pro-3-1607' ).sliderPro({\r\n\t\t\/\/width\r\n\t\t\t\twidth: \"100%\",\r\n\t\t\t\t\r\n\t\t\/\/height\r\n\t\t\t\tautoHeight: true,\r\n\t\t\t\t\r\n\t\t\/\/auto play\r\n\t\t\t\t\t\tautoplay: true,\r\n\t\tautoplayOnHover: 'pause',\r\n\t\t\t\t\t\tautoplayDelay: 3000,\r\n\t\t\r\n\t\t\r\n\t\tarrows: true,\r\n\t\tbuttons: true,\r\n\t\tsmallSize: 500,\r\n\t\tmediumSize: 1000,\r\n\t\tlargeSize: 3000,\r\n\t\tfade: true,\r\n\t\t\r\n\t\t\/\/thumbnail\r\n\t\tthumbnailArrows: true,\r\n\t\tthumbnailWidth: 100,\r\n\t\tthumbnailHeight: 100,\r\n\t\t\t\t\t\tthumbnailsPosition: 'bottom',\r\n\t\t\t\t\t\tcenterImage: true,\r\n\t\timageScaleMode: 'cover',\r\n\t\tallowScaleUp: true,\r\n\t\t\t\tstartSlide: 0,\r\n\t\tloop: true,\r\n\t\tslideDistance: 5,\r\n\t\tautoplayDirection: 'normal',\r\n\t\ttouchSwipe: true,\r\n\t\tfullScreen: true,\r\n\t});\r\n});\r\n<\/script>\r\n<style>\r\n\/* Layout 3 *\/\r\n\/* border *\/\r\n#slider-pro-3-1607 .sp-selected-thumbnail {\r\n\tborder: 4px solid #000000;\r\n}\r\n\r\n\/* font + color *\/\r\n.title-in  {\r\n\tfont-family: Arial !important;\r\n\tcolor: #FFFFFF !important;\r\n\tbackground-color: #000000 !important;\r\n\topacity: 0.7 !important;\r\n}\r\n.desc-in  {\r\n\tfont-family: Arial !important;\r\n\tcolor: #FFFFFF !important;\r\n\tbackground-color: #00000 !important;\r\n\topacity: 0.7 !important;\r\n}\r\n\r\n\/* bullets color *\/\r\n.sp-button  {\r\n\tborder: 2px solid #000000 !important;\r\n}\r\n.sp-selected-button  {\r\n\tbackground-color: #000000 !important;\r\n}\r\n\r\n\/* pointer color - bottom *\/\r\n.sp-selected-thumbnail::before {\r\n\tborder-bottom: 5px solid #000000 !important;\r\n}\r\n.sp-selected-thumbnail::after {\r\n\tborder-bottom: 13px solid #000000 !important;\r\n}\r\n\r\n\/* pointer color - top *\/\r\n\r\n\/* full screen icon *\/\r\n.sp-full-screen-button::before {\r\n    color: #FFFFFF !important;\r\n}\r\n\r\n\/* hover navigation icon color *\/\r\n.sp-next-arrow::after, .sp-next-arrow::before {\r\n\tbackground-color: #FFFFFF !important;\r\n}\r\n.sp-previous-arrow::after, .sp-previous-arrow::before {\r\n\tbackground-color: #FFFFFF !important;\r\n}\r\n\r\n#slider-pro-3-1607 .title-in {\r\n\tcolor: #FFFFFF !important;\r\n\tfont-weight: bolder;\r\n\ttext-align: center;\r\n}\r\n\r\n#slider-pro-3-1607 .title-in-bg {\r\n\tbackground: rgba(255, 255, 255, 0.7); !important;\r\n\twhite-space: unset !important;\r\n\tmax-width: 90%;\r\n\tmin-width: 40%;\r\n\ttransform: initial !important;\r\n\t-webkit-transform: initial !important;\r\n\tfont-size: 14px !important;\r\n}\r\n\r\n#slider-pro-3-1607 .desc-in {\r\n\tcolor: #FFFFFF !important;\r\n\ttext-align: center;\r\n}\r\n#slider-pro-3-1607 .desc-in-bg {\r\n\tbackground: rgba(#00000, 0.7) !important;\r\n\twhite-space: unset !important;\r\n\twidth: 80% !important;\r\n\tmin-width: 30%;\r\n\ttransform: initial !important;\r\n\t-webkit-transform: initial !important;\r\n\tfont-size: 13px !important;\r\n}\r\n\r\n@media (max-width: 640px) {\r\n\t#slider-pro-3-1607 .hide-small-screen {\r\n\t\tdisplay: none;\r\n\t}\r\n}\r\n\r\n@media (max-width: 860px) {\r\n\t#slider-pro-3-1607 .sp-layer {\r\n\t\tfont-size: 18px;\r\n\t}\r\n\t\r\n\t#slider-pro-3-1607 .hide-medium-screen {\r\n\t\tdisplay: none;\r\n\t}\r\n}\r\n.slides-not-found {\r\n\tbackground-color: #a92929;\r\n\tborder-radius: 5px;\r\n\tcolor: #fff;\r\n\tfont-family: initial;\r\n\ttext-align: center;\r\n\tpadding:12px;\r\n}\r\n\/* Custom CSS *\/\r\n<\/style>\r\n\t\t<div id=\"slider-pro-3-1607\" class=\"slider-pro\">\r\n\t\t\t<!---- slides div start ---->\r\n\t\t\t<div class=\"sp-slides\">\r\n\t\t\t\t\t\t\t\t\t\t<div class=\"sp-slide\">\r\n\t\t\t\t\t\t\t<img decoding=\"async\" class=\"sp-image\" loading=\"lazy\" alt=\"Stake strona g\u0142\u00f3wna\" src=\"https:\/\/kazino-latvija-online.com\/wp-content\/plugins\/ultimate-responsive-image-slider\/assets\/css\/images\/blank.gif\" data-src=\"https:\/\/kazino-latvija-online.com\/wp-content\/uploads\/2024\/04\/stake1.png\" \/>\r\n\r\n\t\t\t\t\t\t\t\r\n\t\t\t\t\t\t\t\t\t\t\t\t\t<\/div>\r\n\t\t\t\t\t\t\t\t\t\t\t\t<div class=\"sp-slide\">\r\n\t\t\t\t\t\t\t<img decoding=\"async\" class=\"sp-image\" loading=\"lazy\" alt=\"stake rejestracja\" src=\"https:\/\/kazino-latvija-online.com\/wp-content\/plugins\/ultimate-responsive-image-slider\/assets\/css\/images\/blank.gif\" data-src=\"https:\/\/kazino-latvija-online.com\/wp-content\/uploads\/2024\/04\/stake2.png\" \/>\r\n\r\n\t\t\t\t\t\t\t\r\n\t\t\t\t\t\t\t\t\t\t\t\t\t<\/div>\r\n\t\t\t\t\t\t\t\t\t<\/div>\r\n\t\t\t\r\n\t\t\t<!---- slides div end ---->\r\n\t\t\t\t\t\t<!-- slides thumbnails div start -->\r\n\t\t\t<div class=\"sp-thumbnails\">\r\n\t\t\t\t\t\t\t\t\t\t<img decoding=\"async\" class=\"sp-thumbnail\" loading=\"lazy\" src=\"https:\/\/kazino-latvija-online.com\/wp-content\/plugins\/ultimate-responsive-image-slider\/assets\/img\/loading.gif\" data-src=\"https:\/\/kazino-latvija-online.com\/wp-content\/uploads\/2024\/04\/stake1-300x137.png\" alt=\"Stake strona g\u0142\u00f3wna\"\/>\r\n\t\t\t\t\t\t\t\t\t\t\t<img decoding=\"async\" class=\"sp-thumbnail\" loading=\"lazy\" src=\"https:\/\/kazino-latvija-online.com\/wp-content\/plugins\/ultimate-responsive-image-slider\/assets\/img\/loading.gif\" data-src=\"https:\/\/kazino-latvija-online.com\/wp-content\/uploads\/2024\/04\/stake2-300x137.png\" alt=\"stake rejestracja\"\/>\r\n\t\t\t\t\t\t\t\t<\/div>\r\n\t\t\t\t\t\t<!-- slides thumbnails div end -->\r\n\t\t<\/div>\r\n<\/p>\n<div class=\"pros-cons-container\">\n<div class=\"pros\">\n<h3>Priek\u0161roc\u012bbas:<\/h3>\n<ul>\n<li>\u0100tras un dro\u0161as izmaksas<\/li>\n<li>Liels sp\u0113\u013cu kl\u0101sts<\/li>\n<li>D\u0101snas akcijas<\/li>\n<li>Latvie\u0161u valodas versija vietnei<\/li>\n<\/ul><\/div>\n<div class=\"cons\">\n<h3>Tr\u016bkumi:<\/h3>\n<ul>\n<li>Nav mobil\u0101s lietotnes<\/li>\n<li>Nav re\u0123istr\u0101cijas bonusa<\/li>\n<\/ul><\/div>\n<\/div>\n<\/div>\n","protected":false},"excerpt":{"rendered":"<p>Stake Kazino P\u0101rskats 2026 Laipni l\u016bdzam bonuss 375% l\u012bdz depoz\u012btam + 100 FS Google Pay MasterCard Bitcoin Ethereum Tether Apple Pay Sp\u0113l\u0113 tagad Sa\u0146em bonusu Stake Casino P\u0101rskats Mekl\u0113jat tie\u0161saistes kazino ar milz\u012bgu lab\u0101ko sp\u0113\u013cu pied\u0101v\u0101jumu un \u0101tru laimestu izmaksu? Stake Casino var b\u016bt ide\u0101la izv\u0113le jums! Stake kazino lietot\u0101ja pieredze izce\u013cas ar kvalit\u0101ti un [&hellip;]<\/p>\n","protected":false},"author":1,"featured_media":2394,"parent":0,"menu_order":0,"comment_status":"closed","ping_status":"closed","template":"","meta":{"footnotes":""},"class_list":["post-2473","page","type-page","status-publish","has-post-thumbnail","hentry"],"yoast_head":"<!-- This site is optimized with the Yoast SEO plugin v24.0 - https:\/\/yoast.com\/wordpress\/plugins\/seo\/ -->\n<title>Stake City Casino P\u0101rskats 2026 | Piesl\u0113g\u0161an\u0101s un Bonusi Stake LV<\/title>\n<meta name=\"description\" content=\"Uzziniet visu par Stake Kazino: sp\u0113\u013cu un pieg\u0101d\u0101t\u0101ju p\u0101rskats, bonusi, demonstr\u0101cijas versijas un maks\u0101jumi Latvijai. \u2713 K\u0101 re\u0123istr\u0113ties Stake tie\u0161saistes kazino?\" \/>\n<meta name=\"robots\" content=\"index, follow, max-snippet:-1, max-image-preview:large, max-video-preview:-1\" \/>\n<link rel=\"canonical\" href=\"https:\/\/kazino-latvija-online.com\/lv\/stake-casino\/\" \/>\n<meta property=\"og:locale\" content=\"lv_LV\" \/>\n<meta property=\"og:type\" content=\"article\" \/>\n<meta property=\"og:title\" content=\"Stake City Casino P\u0101rskats 2026 | Piesl\u0113g\u0161an\u0101s un Bonusi Stake LV\" \/>\n<meta property=\"og:description\" content=\"Uzziniet visu par Stake Kazino: sp\u0113\u013cu un pieg\u0101d\u0101t\u0101ju p\u0101rskats, bonusi, demonstr\u0101cijas versijas un maks\u0101jumi Latvijai. \u2713 K\u0101 re\u0123istr\u0113ties Stake tie\u0161saistes kazino?\" \/>\n<meta property=\"og:url\" content=\"https:\/\/kazino-latvija-online.com\/lv\/stake-casino\/\" \/>\n<meta property=\"og:site_name\" content=\"Kazino Latvija\" \/>\n<meta property=\"article:modified_time\" content=\"2026-01-07T12:07:13+00:00\" \/>\n<meta property=\"og:image\" content=\"https:\/\/kazino-latvija-online.com\/wp-content\/uploads\/2024\/04\/stake1.png\" \/>\n\t<meta property=\"og:image:width\" content=\"1916\" \/>\n\t<meta property=\"og:image:height\" content=\"874\" \/>\n\t<meta property=\"og:image:type\" content=\"image\/png\" \/>\n<meta name=\"twitter:card\" content=\"summary_large_image\" \/>\n<meta name=\"twitter:label1\" content=\"Est. reading time\" \/>\n\t<meta name=\"twitter:data1\" content=\"1 minute\" \/>\n<script type=\"application\/ld+json\" class=\"yoast-schema-graph\">{\"@context\":\"https:\/\/schema.org\",\"@graph\":[{\"@type\":\"WebPage\",\"@id\":\"https:\/\/kazino-latvija-online.com\/lv\/stake-casino\/\",\"url\":\"https:\/\/kazino-latvija-online.com\/lv\/stake-casino\/\",\"name\":\"Stake City Casino P\u0101rskats 2026 | Piesl\u0113g\u0161an\u0101s un Bonusi Stake LV\",\"isPartOf\":{\"@id\":\"https:\/\/kazino-latvija-online.com\/lv\/#website\"},\"primaryImageOfPage\":{\"@id\":\"https:\/\/kazino-latvija-online.com\/lv\/stake-casino\/#primaryimage\"},\"image\":{\"@id\":\"https:\/\/kazino-latvija-online.com\/lv\/stake-casino\/#primaryimage\"},\"thumbnailUrl\":\"https:\/\/kazino-latvija-online.com\/wp-content\/uploads\/2024\/04\/stake1.png\",\"datePublished\":\"2024-04-17T07:05:38+00:00\",\"dateModified\":\"2026-01-07T12:07:13+00:00\",\"description\":\"Uzziniet visu par Stake Kazino: sp\u0113\u013cu un pieg\u0101d\u0101t\u0101ju p\u0101rskats, bonusi, demonstr\u0101cijas versijas un maks\u0101jumi Latvijai. \u2713 K\u0101 re\u0123istr\u0113ties Stake tie\u0161saistes kazino?\",\"breadcrumb\":{\"@id\":\"https:\/\/kazino-latvija-online.com\/lv\/stake-casino\/#breadcrumb\"},\"inLanguage\":\"lv-LV\",\"potentialAction\":[{\"@type\":\"ReadAction\",\"target\":[\"https:\/\/kazino-latvija-online.com\/lv\/stake-casino\/\"]}]},{\"@type\":\"ImageObject\",\"inLanguage\":\"lv-LV\",\"@id\":\"https:\/\/kazino-latvija-online.com\/lv\/stake-casino\/#primaryimage\",\"url\":\"https:\/\/kazino-latvija-online.com\/wp-content\/uploads\/2024\/04\/stake1.png\",\"contentUrl\":\"https:\/\/kazino-latvija-online.com\/wp-content\/uploads\/2024\/04\/stake1.png\",\"width\":1916,\"height\":874},{\"@type\":\"BreadcrumbList\",\"@id\":\"https:\/\/kazino-latvija-online.com\/lv\/stake-casino\/#breadcrumb\",\"itemListElement\":[{\"@type\":\"ListItem\",\"position\":1,\"name\":\"Startseite\",\"item\":\"https:\/\/kazino-latvija-online.com\/lv\/\"},{\"@type\":\"ListItem\",\"position\":2,\"name\":\"Stake Casino LV\"}]},{\"@type\":\"WebSite\",\"@id\":\"https:\/\/kazino-latvija-online.com\/lv\/#website\",\"url\":\"https:\/\/kazino-latvija-online.com\/lv\/\",\"name\":\"Kazino Latvija\",\"description\":\"\",\"publisher\":{\"@id\":\"https:\/\/kazino-latvija-online.com\/lv\/#organization\"},\"alternateName\":\"kasynopolskie.online\",\"potentialAction\":[{\"@type\":\"SearchAction\",\"target\":{\"@type\":\"EntryPoint\",\"urlTemplate\":\"https:\/\/kazino-latvija-online.com\/lv\/?s={search_term_string}\"},\"query-input\":{\"@type\":\"PropertyValueSpecification\",\"valueRequired\":true,\"valueName\":\"search_term_string\"}}],\"inLanguage\":\"lv-LV\"},{\"@type\":\"Organization\",\"@id\":\"https:\/\/kazino-latvija-online.com\/lv\/#organization\",\"name\":\"Kasyno Polskie\",\"alternateName\":\"kasynopolskie.online\",\"url\":\"https:\/\/kazino-latvija-online.com\/lv\/\",\"logo\":{\"@type\":\"ImageObject\",\"inLanguage\":\"lv-LV\",\"@id\":\"https:\/\/kazino-latvija-online.com\/lv\/#\/schema\/logo\/image\/\",\"url\":\"https:\/\/kazino-latvija-online.com\/wp-content\/uploads\/2024\/04\/icon.png\",\"contentUrl\":\"https:\/\/kazino-latvija-online.com\/wp-content\/uploads\/2024\/04\/icon.png\",\"width\":1065,\"height\":1163,\"caption\":\"Kasyno Polskie\"},\"image\":{\"@id\":\"https:\/\/kazino-latvija-online.com\/lv\/#\/schema\/logo\/image\/\"}}]}<\/script>\n<!-- \/ Yoast SEO plugin. -->","yoast_head_json":{"title":"Stake City Casino P\u0101rskats 2026 | Piesl\u0113g\u0161an\u0101s un Bonusi Stake LV","description":"Uzziniet visu par Stake Kazino: sp\u0113\u013cu un pieg\u0101d\u0101t\u0101ju p\u0101rskats, bonusi, demonstr\u0101cijas versijas un maks\u0101jumi Latvijai. \u2713 K\u0101 re\u0123istr\u0113ties Stake tie\u0161saistes kazino?","robots":{"index":"index","follow":"follow","max-snippet":"max-snippet:-1","max-image-preview":"max-image-preview:large","max-video-preview":"max-video-preview:-1"},"canonical":"https:\/\/kazino-latvija-online.com\/lv\/stake-casino\/","og_locale":"lv_LV","og_type":"article","og_title":"Stake City Casino P\u0101rskats 2026 | Piesl\u0113g\u0161an\u0101s un Bonusi Stake LV","og_description":"Uzziniet visu par Stake Kazino: sp\u0113\u013cu un pieg\u0101d\u0101t\u0101ju p\u0101rskats, bonusi, demonstr\u0101cijas versijas un maks\u0101jumi Latvijai. \u2713 K\u0101 re\u0123istr\u0113ties Stake tie\u0161saistes kazino?","og_url":"https:\/\/kazino-latvija-online.com\/lv\/stake-casino\/","og_site_name":"Kazino Latvija","article_modified_time":"2026-01-07T12:07:13+00:00","og_image":[{"width":1916,"height":874,"url":"https:\/\/kazino-latvija-online.com\/wp-content\/uploads\/2024\/04\/stake1.png","type":"image\/png"}],"twitter_card":"summary_large_image","twitter_misc":{"Est. reading time":"1 minute"},"schema":{"@context":"https:\/\/schema.org","@graph":[{"@type":"WebPage","@id":"https:\/\/kazino-latvija-online.com\/lv\/stake-casino\/","url":"https:\/\/kazino-latvija-online.com\/lv\/stake-casino\/","name":"Stake City Casino P\u0101rskats 2026 | Piesl\u0113g\u0161an\u0101s un Bonusi Stake LV","isPartOf":{"@id":"https:\/\/kazino-latvija-online.com\/lv\/#website"},"primaryImageOfPage":{"@id":"https:\/\/kazino-latvija-online.com\/lv\/stake-casino\/#primaryimage"},"image":{"@id":"https:\/\/kazino-latvija-online.com\/lv\/stake-casino\/#primaryimage"},"thumbnailUrl":"https:\/\/kazino-latvija-online.com\/wp-content\/uploads\/2024\/04\/stake1.png","datePublished":"2024-04-17T07:05:38+00:00","dateModified":"2026-01-07T12:07:13+00:00","description":"Uzziniet visu par Stake Kazino: sp\u0113\u013cu un pieg\u0101d\u0101t\u0101ju p\u0101rskats, bonusi, demonstr\u0101cijas versijas un maks\u0101jumi Latvijai. \u2713 K\u0101 re\u0123istr\u0113ties Stake tie\u0161saistes kazino?","breadcrumb":{"@id":"https:\/\/kazino-latvija-online.com\/lv\/stake-casino\/#breadcrumb"},"inLanguage":"lv-LV","potentialAction":[{"@type":"ReadAction","target":["https:\/\/kazino-latvija-online.com\/lv\/stake-casino\/"]}]},{"@type":"ImageObject","inLanguage":"lv-LV","@id":"https:\/\/kazino-latvija-online.com\/lv\/stake-casino\/#primaryimage","url":"https:\/\/kazino-latvija-online.com\/wp-content\/uploads\/2024\/04\/stake1.png","contentUrl":"https:\/\/kazino-latvija-online.com\/wp-content\/uploads\/2024\/04\/stake1.png","width":1916,"height":874},{"@type":"BreadcrumbList","@id":"https:\/\/kazino-latvija-online.com\/lv\/stake-casino\/#breadcrumb","itemListElement":[{"@type":"ListItem","position":1,"name":"Startseite","item":"https:\/\/kazino-latvija-online.com\/lv\/"},{"@type":"ListItem","position":2,"name":"Stake Casino LV"}]},{"@type":"WebSite","@id":"https:\/\/kazino-latvija-online.com\/lv\/#website","url":"https:\/\/kazino-latvija-online.com\/lv\/","name":"Kazino Latvija","description":"","publisher":{"@id":"https:\/\/kazino-latvija-online.com\/lv\/#organization"},"alternateName":"kasynopolskie.online","potentialAction":[{"@type":"SearchAction","target":{"@type":"EntryPoint","urlTemplate":"https:\/\/kazino-latvija-online.com\/lv\/?s={search_term_string}"},"query-input":{"@type":"PropertyValueSpecification","valueRequired":true,"valueName":"search_term_string"}}],"inLanguage":"lv-LV"},{"@type":"Organization","@id":"https:\/\/kazino-latvija-online.com\/lv\/#organization","name":"Kasyno Polskie","alternateName":"kasynopolskie.online","url":"https:\/\/kazino-latvija-online.com\/lv\/","logo":{"@type":"ImageObject","inLanguage":"lv-LV","@id":"https:\/\/kazino-latvija-online.com\/lv\/#\/schema\/logo\/image\/","url":"https:\/\/kazino-latvija-online.com\/wp-content\/uploads\/2024\/04\/icon.png","contentUrl":"https:\/\/kazino-latvija-online.com\/wp-content\/uploads\/2024\/04\/icon.png","width":1065,"height":1163,"caption":"Kasyno Polskie"},"image":{"@id":"https:\/\/kazino-latvija-online.com\/lv\/#\/schema\/logo\/image\/"}}]}},"_links":{"self":[{"href":"https:\/\/kazino-latvija-online.com\/lv\/wp-json\/wp\/v2\/pages\/2473","targetHints":{"allow":["GET"]}}],"collection":[{"href":"https:\/\/kazino-latvija-online.com\/lv\/wp-json\/wp\/v2\/pages"}],"about":[{"href":"https:\/\/kazino-latvija-online.com\/lv\/wp-json\/wp\/v2\/types\/page"}],"author":[{"embeddable":true,"href":"https:\/\/kazino-latvija-online.com\/lv\/wp-json\/wp\/v2\/users\/1"}],"replies":[{"embeddable":true,"href":"https:\/\/kazino-latvija-online.com\/lv\/wp-json\/wp\/v2\/comments?post=2473"}],"version-history":[{"count":2,"href":"https:\/\/kazino-latvija-online.com\/lv\/wp-json\/wp\/v2\/pages\/2473\/revisions"}],"predecessor-version":[{"id":2524,"href":"https:\/\/kazino-latvija-online.com\/lv\/wp-json\/wp\/v2\/pages\/2473\/revisions\/2524"}],"wp:featuredmedia":[{"embeddable":true,"href":"https:\/\/kazino-latvija-online.com\/lv\/wp-json\/wp\/v2\/media\/2394"}],"wp:attachment":[{"href":"https:\/\/kazino-latvija-online.com\/lv\/wp-json\/wp\/v2\/media?parent=2473"}],"curies":[{"name":"wp","href":"https:\/\/api.w.org\/{rel}","templated":true}]}}